{"id":14596,"date":"2025-04-01T13:51:15","date_gmt":"2025-04-01T11:51:15","guid":{"rendered":"https:\/\/www.eugendorf.com\/en\/?page_id=14596"},"modified":"2025-04-23T11:00:40","modified_gmt":"2025-04-23T09:00:40","slug":"plan-your-trip","status":"publish","type":"page","link":"https:\/\/www.eugendorf.com\/en\/plan-your-trip\/","title":{"rendered":"Plan your trip"},"content":{"rendered":"\n<p>Welcome to Salzburg, the city of \u2018The Sound of Music\u2019, of W. A. Mozart and of baroque charm. Discover this special place in the heart of Europe, surrounded by snow-capped mountains and emerald-green lakes. Eugendorf is an idyllic suburb in a rural setting, just a few kilometres from Salzburg. And it is the ideal base camp for experiencing the city and the surrounding area in all its facets.<\/p>\n\n\n\n<p>Do you love \u2018The Sound of Music\u2019 and would like to visit the film locations yourself? Would you like to stroll through the UNESCO World Heritage city of Salzburg, stand on mountain peaks and travel to the famous Hallstatt in the Salzkammergut? And you want to see with your own eyes where the musical genius W. A. Mozart was born and where the song &#8220;Silent Night! Holy Night!&#8221; was played for the first time? Here you go! You can experience all of this from Eugendorf in a wonderful and uncomplicated way. We have put together your personal bucket list: With exclusive insider tips! Just for you! Have fun and enjoy your Salzburg holiday!<\/p>\n\n\n\n<h2 class=\"wp-block-heading\">General Tips<\/h2>\n\n\n\n<p><strong>Traditional food:<\/strong> Stiegl Keller, Stiftskulinarium St. Peter, M\u00fcllner Br\u00e4u, Sternbr\u00e4u<br><strong>Coffee and cake:<\/strong> Caf\u00e9 Tomaselli, Caf\u00e9 F\u00fcrst, Caf\u00e9 Schatz, Caf\u00e9 Bazar<br><strong>Mozartkugeln:<\/strong> Confiserie Holzermayr am Alten Markt, Caf\u00e9 F\u00fcrst, Caf\u00e9 Schatz<br><strong>Evening entertainment:<\/strong> Siemens Festival Nights (July\/August), puppet theatre, fortress concerts, Salzburg State Theatre, Salzburg Festival<br><strong>Souvenirs:<\/strong> Traditional gifts from the Salzburg Heimatwerk<\/p>\n","protected":false},"excerpt":{"rendered":"<p>Welcome to Salzburg, the city of \u2018The Sound of Music\u2019, of W. A. Mozart and of baroque charm. Discover this special place in the heart of Europe, surrounded by snow-capped mountains and emerald-green lakes. Eugendorf is an idyllic suburb in a rural setting, just a few kilometres from Salzburg. And it is the ideal base [&hellip;]<\/p>\n","protected":false},"author":1,"featured_media":0,"parent":0,"menu_order":0,"comment_status":"closed","ping_status":"closed","template":"page-slider.php","meta":{"_acf_changed":false,"footnotes":""},"typo_ctx_category":[],"class_list":["post-14596","page","type-page","status-publish","hentry"],"acf":[],"_links":{"self":[{"href":"https:\/\/www.eugendorf.com\/en\/wp-json\/wp\/v2\/pages\/14596","targetHints":{"allow":["GET"]}}],"collection":[{"href":"https:\/\/www.eugendorf.com\/en\/wp-json\/wp\/v2\/pages"}],"about":[{"href":"https:\/\/www.eugendorf.com\/en\/wp-json\/wp\/v2\/types\/page"}],"author":[{"embeddable":true,"href":"https:\/\/www.eugendorf.com\/en\/wp-json\/wp\/v2\/users\/1"}],"replies":[{"embeddable":true,"href":"https:\/\/www.eugendorf.com\/en\/wp-json\/wp\/v2\/comments?post=14596"}],"version-history":[{"count":5,"href":"https:\/\/www.eugendorf.com\/en\/wp-json\/wp\/v2\/pages\/14596\/revisions"}],"predecessor-version":[{"id":14897,"href":"https:\/\/www.eugendorf.com\/en\/wp-json\/wp\/v2\/pages\/14596\/revisions\/14897"}],"wp:attachment":[{"href":"https:\/\/www.eugendorf.com\/en\/wp-json\/wp\/v2\/media?parent=14596"}],"wp:term":[{"taxonomy":"typo_ctx_category","embeddable":true,"href":"https:\/\/www.eugendorf.com\/en\/wp-json\/wp\/v2\/typo_ctx_category?post=14596"}],"curies":[{"name":"wp","href":"https:\/\/api.w.org\/{rel}","templated":true}]}}